{"id":1871,"date":"2024-07-23T10:46:00","date_gmt":"2024-07-23T08:46:00","guid":{"rendered":"https:\/\/loft008.art\/politique-de-cookies\/"},"modified":"2024-08-13T12:09:23","modified_gmt":"2024-08-13T10:09:23","slug":"politique-de-cookies","status":"publish","type":"page","link":"https:\/\/loft008.art\/fr\/politique-de-cookies\/","title":{"rendered":"Politique de Cookies"},"content":{"rendered":"\t\t<div data-elementor-type=\"wp-page\" data-elementor-id=\"1871\" class=\"elementor elementor-1871 elementor-881\" data-elementor-post-type=\"page\">\n\t\t\t\t<div class=\"elementor-element elementor-element-5a95aee e-flex e-con-boxed e-con e-parent\" data-id=\"5a95aee\" data-element_type=\"container\" data-e-type=\"container\" data-settings=\"{&quot;background_background&quot;:&quot;classic&quot;}\">\n\t\t\t\t\t<div class=\"e-con-inner\">\n\t\t\t\t<div class=\"elementor-element elementor-element-07283e0 elementor-widget elementor-widget-heading\" data-id=\"07283e0\" data-element_type=\"widget\" data-e-type=\"widget\" data-widget_type=\"heading.default\">\n\t\t\t\t<div class=\"elementor-widget-container\">\n\t\t\t\t\t<h2 class=\"elementor-heading-title elementor-size-default\">LOFT.008<\/h2>\t\t\t\t<\/div>\n\t\t\t\t<\/div>\n\t\t\t\t<div class=\"elementor-element elementor-element-25df06c elementor-widget elementor-widget-heading\" data-id=\"25df06c\" data-element_type=\"widget\" data-e-type=\"widget\" data-widget_type=\"heading.default\">\n\t\t\t\t<div class=\"elementor-widget-container\">\n\t\t\t\t\t<h2 class=\"elementor-heading-title elementor-size-default\">Politique de Cookies<\/h2>\t\t\t\t<\/div>\n\t\t\t\t<\/div>\n\t\t\t\t\t<\/div>\n\t\t\t\t<\/div>\n\t\t<div class=\"elementor-element elementor-element-45e6fde e-flex e-con-boxed e-con e-parent\" data-id=\"45e6fde\" data-element_type=\"container\" data-e-type=\"container\">\n\t\t\t\t\t<div class=\"e-con-inner\">\n\t\t<div class=\"elementor-element elementor-element-46030a1 e-con-full e-flex e-con e-child\" data-id=\"46030a1\" data-element_type=\"container\" data-e-type=\"container\">\n\t\t\t\t<div class=\"elementor-element elementor-element-f10beb2 elementor-widget elementor-widget-heading\" data-id=\"f10beb2\" data-element_type=\"widget\" data-e-type=\"widget\" data-widget_type=\"heading.default\">\n\t\t\t\t<div class=\"elementor-widget-container\">\n\t\t\t\t\t<h2 class=\"elementor-heading-title elementor-size-default\">Qu'est-ce qu'un cookie ?<\/h2>\t\t\t\t<\/div>\n\t\t\t\t<\/div>\n\t\t\t\t<div class=\"elementor-element elementor-element-118769b elementor-widget elementor-widget-text-editor\" data-id=\"118769b\" data-element_type=\"widget\" data-e-type=\"widget\" data-widget_type=\"text-editor.default\">\n\t\t\t\t<div class=\"elementor-widget-container\">\n\t\t\t\t\t\t\t\t\t<p style=\"font-weight: 400;\">Comme c\u2019est le cas pour presque tous les sites web professionnels, ce site utilise des cookies. Ce sont de petits fichiers t\u00e9l\u00e9charg\u00e9s sur votre ordinateur pour am\u00e9liorer votre exp\u00e9rience. Cette page d\u00e9critles informations qu\u2019ils collectent, comment nous les utilisons et pourquoi nous devons parfois stocker ces cookies. Nous expliquerons \u00e9galement comment vous pouvez emp\u00eacher le stockage de ces cookies, bien que cela puisse d\u00e9grader ou \u2018casser\u2019 certains \u00e9l\u00e9ments de la fonctionnalit\u00e9 du site.   <\/p>\n\t\t\t\t\t\t\t\t<\/div>\n\t\t\t\t<\/div>\n\t\t\t\t<div class=\"elementor-element elementor-element-00d988c elementor-widget elementor-widget-heading\" data-id=\"00d988c\" data-element_type=\"widget\" data-e-type=\"widget\" data-widget_type=\"heading.default\">\n\t\t\t\t<div class=\"elementor-widget-container\">\n\t\t\t\t\t<h2 class=\"elementor-heading-title elementor-size-default\">Comment nous utilisons les cookies<\/h2>\t\t\t\t<\/div>\n\t\t\t\t<\/div>\n\t\t\t\t<div class=\"elementor-element elementor-element-9079929 elementor-widget elementor-widget-text-editor\" data-id=\"9079929\" data-element_type=\"widget\" data-e-type=\"widget\" data-widget_type=\"text-editor.default\">\n\t\t\t\t<div class=\"elementor-widget-container\">\n\t\t\t\t\t\t\t\t\t<p style=\"font-weight: 400;\">Nous utilisons des cookies pour diverses raisons d\u00e9crites ci-dessous. Malheureusement, dans la plupart des cas, il n\u2019existe pas d\u2019options standard de l\u2019industrie pour d\u00e9sactiver les cookies sans d\u00e9sactiver compl\u00e8tement les fonctionnalit\u00e9s et fonctions qu\u2019ils ajoutent \u00e0 ce site. Il est recommand\u00e9 de laisser tous les cookies activ\u00e9s si vous n\u2019\u00eates pas s\u00fbr de savoir si vous en avez besoin ou non, au cas o\u00f9 ils seraient utilis\u00e9s pour fournir un service que vous utilisez.  <\/p>\n\t\t\t\t\t\t\t\t<\/div>\n\t\t\t\t<\/div>\n\t\t\t\t<div class=\"elementor-element elementor-element-e0af6a5 elementor-widget elementor-widget-heading\" data-id=\"e0af6a5\" data-element_type=\"widget\" data-e-type=\"widget\" data-widget_type=\"heading.default\">\n\t\t\t\t<div class=\"elementor-widget-container\">\n\t\t\t\t\t<h2 class=\"elementor-heading-title elementor-size-default\">D\u00e9sactiver ou supprimer les cookies<\/h2>\t\t\t\t<\/div>\n\t\t\t\t<\/div>\n\t\t\t\t<div class=\"elementor-element elementor-element-ada69b1 elementor-widget elementor-widget-text-editor\" data-id=\"ada69b1\" data-element_type=\"widget\" data-e-type=\"widget\" data-widget_type=\"text-editor.default\">\n\t\t\t\t<div class=\"elementor-widget-container\">\n\t\t\t\t\t\t\t\t\t<p style=\"font-weight: 400;\">Vous pouvez emp\u00eacher le placement des cookies en ajustant les param\u00e8tres de votre navigateur (consultez l\u2019Aide de votre navigateur pour savoir comment faire). Sachez que d\u00e9sactiver les cookies affectera la fonctionnalit\u00e9 de ce site et de nombreux autres sites que vous visitez. La d\u00e9sactivation des cookies entra\u00eene g\u00e9n\u00e9ralement \u00e9galement la d\u00e9sactivation de certaines fonctionnalit\u00e9s et fonctions de ce site. Il est donc recommand\u00e9 de ne pas d\u00e9sactiver les cookies.   <\/p>\n\t\t\t\t\t\t\t\t<\/div>\n\t\t\t\t<\/div>\n\t\t\t\t<div class=\"elementor-element elementor-element-578d690 elementor-widget elementor-widget-heading\" data-id=\"578d690\" data-element_type=\"widget\" data-e-type=\"widget\" data-widget_type=\"heading.default\">\n\t\t\t\t<div class=\"elementor-widget-container\">\n\t\t\t\t\t<h2 class=\"elementor-heading-title elementor-size-default\">Cookies li\u00e9s au compte<\/h2>\t\t\t\t<\/div>\n\t\t\t\t<\/div>\n\t\t\t\t<div class=\"elementor-element elementor-element-039033c elementor-widget elementor-widget-text-editor\" data-id=\"039033c\" data-element_type=\"widget\" data-e-type=\"widget\" data-widget_type=\"text-editor.default\">\n\t\t\t\t<div class=\"elementor-widget-container\">\n\t\t\t\t\t\t\t\t\t<p style=\"font-weight: 400;\">Si vous cr\u00e9ez un compte chez nous, nous utiliserons des cookies pour la gestion du processus d\u2019inscription et l\u2019administration g\u00e9n\u00e9rale. Ces cookies sont g\u00e9n\u00e9ralement supprim\u00e9s lorsque vous vous d\u00e9connectez, mais dans certains cas, ils peuvent rester pour se souvenir de vos pr\u00e9f\u00e9rences de site lorsque vous \u00eates d\u00e9connect\u00e9. <\/p>\n\t\t\t\t\t\t\t\t<\/div>\n\t\t\t\t<\/div>\n\t\t\t\t<div class=\"elementor-element elementor-element-c2a99a1 elementor-widget elementor-widget-heading\" data-id=\"c2a99a1\" data-element_type=\"widget\" data-e-type=\"widget\" data-widget_type=\"heading.default\">\n\t\t\t\t<div class=\"elementor-widget-container\">\n\t\t\t\t\t<h2 class=\"elementor-heading-title elementor-size-default\">Cookies li\u00e9s \u00e0 la connexion<\/h2>\t\t\t\t<\/div>\n\t\t\t\t<\/div>\n\t\t\t\t<div class=\"elementor-element elementor-element-89e76cc elementor-widget elementor-widget-text-editor\" data-id=\"89e76cc\" data-element_type=\"widget\" data-e-type=\"widget\" data-widget_type=\"text-editor.default\">\n\t\t\t\t<div class=\"elementor-widget-container\">\n\t\t\t\t\t\t\t\t\t<p style=\"font-weight: 400;\">Nous utilisons des cookies lorsque vous \u00eates connect\u00e9, afin que nous puissions nous en souvenir. Cela vous \u00e9vite de devoir vous reconnecter \u00e0 chaque nouvelle page. Ces cookies sont g\u00e9n\u00e9ralement supprim\u00e9s ou effac\u00e9s lorsque vous vous d\u00e9connectez pour vous assurer que vous ne pouvez acc\u00e9der qu\u2019\u00e0 des fonctionnalit\u00e9s et zones restreintes lorsque vous \u00eates connect\u00e9.  <\/p>\n\t\t\t\t\t\t\t\t<\/div>\n\t\t\t\t<\/div>\n\t\t\t\t<div class=\"elementor-element elementor-element-e32b138 elementor-widget elementor-widget-heading\" data-id=\"e32b138\" data-element_type=\"widget\" data-e-type=\"widget\" data-widget_type=\"heading.default\">\n\t\t\t\t<div class=\"elementor-widget-container\">\n\t\t\t\t\t<h2 class=\"elementor-heading-title elementor-size-default\">Cookies li\u00e9s aux formulaires<\/h2>\t\t\t\t<\/div>\n\t\t\t\t<\/div>\n\t\t\t\t<div class=\"elementor-element elementor-element-c80d3c1 elementor-widget elementor-widget-text-editor\" data-id=\"c80d3c1\" data-element_type=\"widget\" data-e-type=\"widget\" data-widget_type=\"text-editor.default\">\n\t\t\t\t<div class=\"elementor-widget-container\">\n\t\t\t\t\t\t\t\t\t<p style=\"font-weight: 400;\">Lorsque vous soumettez des donn\u00e9es via un formulaire tel que ceux trouv\u00e9s sur les pages de contact ou les formulaires de commentaires, des cookies peuvent \u00eatre d\u00e9finis pour se souvenir de vos informations utilisateur pour une correspondance future.<\/p>\n\t\t\t\t\t\t\t\t<\/div>\n\t\t\t\t<\/div>\n\t\t\t\t<div class=\"elementor-element elementor-element-007e92a elementor-widget elementor-widget-heading\" data-id=\"007e92a\" data-element_type=\"widget\" data-e-type=\"widget\" data-widget_type=\"heading.default\">\n\t\t\t\t<div class=\"elementor-widget-container\">\n\t\t\t\t\t<h2 class=\"elementor-heading-title elementor-size-default\">Cookies de pr\u00e9f\u00e9rences de site<\/h2>\t\t\t\t<\/div>\n\t\t\t\t<\/div>\n\t\t\t\t<div class=\"elementor-element elementor-element-bdb631d elementor-widget elementor-widget-text-editor\" data-id=\"bdb631d\" data-element_type=\"widget\" data-e-type=\"widget\" data-widget_type=\"text-editor.default\">\n\t\t\t\t<div class=\"elementor-widget-container\">\n\t\t\t\t\t\t\t\t\t<p style=\"font-weight: 400;\">Afin de vous offrir une exp\u00e9rience agr\u00e9able sur ce site, nous offrons la fonctionnalit\u00e9 de d\u00e9finir vos pr\u00e9f\u00e9rences quant au fonctionnement de ce site lorsque vous l\u2019utilisez. Pour se souvenir de vos pr\u00e9f\u00e9rences, nous devons d\u00e9finir des cookies afin que ces informations puissent \u00eatre appel\u00e9es chaque fois que vous interagissez avec une page affect\u00e9e par vos pr\u00e9f\u00e9rences. <\/p>\n\t\t\t\t\t\t\t\t<\/div>\n\t\t\t\t<\/div>\n\t\t\t\t<div class=\"elementor-element elementor-element-6192824 elementor-widget elementor-widget-heading\" data-id=\"6192824\" data-element_type=\"widget\" data-e-type=\"widget\" data-widget_type=\"heading.default\">\n\t\t\t\t<div class=\"elementor-widget-container\">\n\t\t\t\t\t<h2 class=\"elementor-heading-title elementor-size-default\">Cookies tiers<\/h2>\t\t\t\t<\/div>\n\t\t\t\t<\/div>\n\t\t\t\t<div class=\"elementor-element elementor-element-70cb2df elementor-widget elementor-widget-text-editor\" data-id=\"70cb2df\" data-element_type=\"widget\" data-e-type=\"widget\" data-widget_type=\"text-editor.default\">\n\t\t\t\t<div class=\"elementor-widget-container\">\n\t\t\t\t\t\t\t\t\t<p style=\"font-weight: 400;\">Dans certains cas particuliers, nous utilisons \u00e9galement des cookies fournis par des tiers de confiance. La section suivante d\u00e9crit quels cookies tiers vous pouvez rencontrer sur ce site. <\/p>\n<p style=\"font-weight: 400;\">Nous utilisons des annonces pour compenser les co\u00fbts de fonctionnement de ce site et pour fournir des financements pour le d\u00e9veloppement futur. Les cookies de publicit\u00e9 comportementale utilis\u00e9s par ce site sont con\u00e7us pour s\u2019assurer que nous vous fournissons les publicit\u00e9s les plus pertinentes possible en suivant anonymement vos int\u00e9r\u00eats et en pr\u00e9sentant des \u00e9l\u00e9ments similaires susceptibles de vous int\u00e9resser. <\/p>\n<p style=\"font-weight: 400;\">Plusieurs partenaires annoncent en notre nom et les cookies de suivi d\u2019affiliation nous permettent simplement de voir si nos clients sont venus sur le site via l\u2019un de nos sites partenaires afin que nous puissions les cr\u00e9diter de mani\u00e8re appropri\u00e9e et, le cas \u00e9ch\u00e9ant, permettre \u00e0 nos partenaires affili\u00e9s de fournir des bonus qu\u2019ils pourraient vous offrir pour effectuer un achat.<\/p>\n<p style=\"font-weight: 400;\">Nous utilisons \u00e9galement sur ce site des boutons et\/ou des plugins de r\u00e9seaux sociaux qui vous permettent de vous connecter de diff\u00e9rentes mani\u00e8res avec votre r\u00e9seau social. Pour que ceux-ci fonctionnent, les sites de r\u00e9seaux sociaux placeront des cookies via notre site, qui peuvent \u00eatre utilis\u00e9s pour am\u00e9liorer votre profil sur leur site ou contribuer aux donn\u00e9es qu\u2019ils d\u00e9tiennent pour diverses fins d\u00e9crites dans leurs politiques de confidentialit\u00e9 respectives. <\/p>\n\t\t\t\t\t\t\t\t<\/div>\n\t\t\t\t<\/div>\n\t\t\t\t<div class=\"elementor-element elementor-element-a51e1d3 elementor-widget elementor-widget-heading\" data-id=\"a51e1d3\" data-element_type=\"widget\" data-e-type=\"widget\" data-widget_type=\"heading.default\">\n\t\t\t\t<div class=\"elementor-widget-container\">\n\t\t\t\t\t<h2 class=\"elementor-heading-title elementor-size-default\">Plus d'informations<\/h2>\t\t\t\t<\/div>\n\t\t\t\t<\/div>\n\t\t\t\t<div class=\"elementor-element elementor-element-4f05e41 elementor-widget elementor-widget-text-editor\" data-id=\"4f05e41\" data-element_type=\"widget\" data-e-type=\"widget\" data-widget_type=\"text-editor.default\">\n\t\t\t\t<div class=\"elementor-widget-container\">\n\t\t\t\t\t\t\t\t\t<p style=\"font-weight: 400;\">Si vous avez des questions concernant notre politique de cookies, veuillez nous contacter.<\/p>\n<p style=\"font-weight: 400;\">Galerie LOFT.008<\/p>\n<p style=\"font-weight: 400;\">Neremstraat 276\/008, 3700, Nerem-Tongres<\/p>\n<p style=\"font-weight: 400;\">Tel: +32 497 58 64 02<\/p>\n<p style=\"font-weight: 400;\">Email: <a href=\"mailto:gallery@loft008.art\">gallery@loft008.art<\/a><\/p><\/p>\n\t\t\t\t\t\t\t\t<\/div>\n\t\t\t\t<\/div>\n\t\t\t\t<\/div>\n\t\t\t\t\t<\/div>\n\t\t\t\t<\/div>\n\t\t\t\t<\/div>\n\t\t","protected":false},"excerpt":{"rendered":"<p>LOFT.008 Politique de Cookies Qu&rsquo;est-ce qu&rsquo;un cookie ? Comme c\u2019est le cas pour presque tous les sites web professionnels, ce site utilise des cookies. Ce sont de petits fichiers t\u00e9l\u00e9charg\u00e9s sur votre ordinateur pour am\u00e9liorer votre exp\u00e9rience. Cette page d\u00e9critles informations qu\u2019ils collectent, comment nous les utilisons et pourquoi nous devons parfois stocker ces cookies. [&hellip;]<\/p>\n","protected":false},"author":1,"featured_media":0,"parent":0,"menu_order":0,"comment_status":"closed","ping_status":"closed","template":"","meta":{"_acf_changed":false,"footnotes":""},"class_list":["post-1871","page","type-page","status-publish","hentry"],"acf":[],"yoast_head":"<!-- This site is optimized with the Yoast SEO plugin v27.3 - https:\/\/yoast.com\/product\/yoast-seo-wordpress\/ -->\n<title>Politique de Cookies - Loft008<\/title>\n<meta name=\"robots\" content=\"index, follow, max-snippet:-1, max-image-preview:large, max-video-preview:-1\" \/>\n<link rel=\"canonical\" href=\"https:\/\/loft008.art\/fr\/politique-de-cookies\/\" \/>\n<meta property=\"og:locale\" content=\"fr_FR\" \/>\n<meta property=\"og:type\" content=\"article\" \/>\n<meta property=\"og:title\" content=\"Politique de Cookies - Loft008\" \/>\n<meta property=\"og:description\" content=\"LOFT.008 Politique de Cookies Qu&rsquo;est-ce qu&rsquo;un cookie ? Comme c\u2019est le cas pour presque tous les sites web professionnels, ce site utilise des cookies. Ce sont de petits fichiers t\u00e9l\u00e9charg\u00e9s sur votre ordinateur pour am\u00e9liorer votre exp\u00e9rience. Cette page d\u00e9critles informations qu\u2019ils collectent, comment nous les utilisons et pourquoi nous devons parfois stocker ces cookies. [&hellip;]\" \/>\n<meta property=\"og:url\" content=\"https:\/\/loft008.art\/fr\/politique-de-cookies\/\" \/>\n<meta property=\"og:site_name\" content=\"Loft008\" \/>\n<meta property=\"article:publisher\" content=\"https:\/\/www.facebook.com\/LOFT.008.art\" \/>\n<meta property=\"article:modified_time\" content=\"2024-08-13T10:09:23+00:00\" \/>\n<meta name=\"twitter:card\" content=\"summary_large_image\" \/>\n<meta name=\"twitter:label1\" content=\"Dur\u00e9e de lecture estim\u00e9e\" \/>\n\t<meta name=\"twitter:data1\" content=\"4 minutes\" \/>\n<script type=\"application\/ld+json\" class=\"yoast-schema-graph\">{\"@context\":\"https:\\\/\\\/schema.org\",\"@graph\":[{\"@type\":\"WebPage\",\"@id\":\"https:\\\/\\\/loft008.art\\\/fr\\\/politique-de-cookies\\\/\",\"url\":\"https:\\\/\\\/loft008.art\\\/fr\\\/politique-de-cookies\\\/\",\"name\":\"Politique de Cookies - Loft008\",\"isPartOf\":{\"@id\":\"https:\\\/\\\/loft008.art\\\/fr\\\/#website\"},\"datePublished\":\"2024-07-23T08:46:00+00:00\",\"dateModified\":\"2024-08-13T10:09:23+00:00\",\"breadcrumb\":{\"@id\":\"https:\\\/\\\/loft008.art\\\/fr\\\/politique-de-cookies\\\/#breadcrumb\"},\"inLanguage\":\"fr-FR\",\"potentialAction\":[{\"@type\":\"ReadAction\",\"target\":[\"https:\\\/\\\/loft008.art\\\/fr\\\/politique-de-cookies\\\/\"]}]},{\"@type\":\"BreadcrumbList\",\"@id\":\"https:\\\/\\\/loft008.art\\\/fr\\\/politique-de-cookies\\\/#breadcrumb\",\"itemListElement\":[{\"@type\":\"ListItem\",\"position\":1,\"name\":\"Home\",\"item\":\"https:\\\/\\\/loft008.art\\\/fr\\\/\"},{\"@type\":\"ListItem\",\"position\":2,\"name\":\"Politique de Cookies\"}]},{\"@type\":\"WebSite\",\"@id\":\"https:\\\/\\\/loft008.art\\\/fr\\\/#website\",\"url\":\"https:\\\/\\\/loft008.art\\\/fr\\\/\",\"name\":\"Loft008\",\"description\":\"\",\"publisher\":{\"@id\":\"https:\\\/\\\/loft008.art\\\/fr\\\/#organization\"},\"potentialAction\":[{\"@type\":\"SearchAction\",\"target\":{\"@type\":\"EntryPoint\",\"urlTemplate\":\"https:\\\/\\\/loft008.art\\\/fr\\\/?s={search_term_string}\"},\"query-input\":{\"@type\":\"PropertyValueSpecification\",\"valueRequired\":true,\"valueName\":\"search_term_string\"}}],\"inLanguage\":\"fr-FR\"},{\"@type\":\"Organization\",\"@id\":\"https:\\\/\\\/loft008.art\\\/fr\\\/#organization\",\"name\":\"Loft008\",\"url\":\"https:\\\/\\\/loft008.art\\\/fr\\\/\",\"logo\":{\"@type\":\"ImageObject\",\"inLanguage\":\"fr-FR\",\"@id\":\"https:\\\/\\\/loft008.art\\\/fr\\\/#\\\/schema\\\/logo\\\/image\\\/\",\"url\":\"https:\\\/\\\/loft008.art\\\/wp-content\\\/uploads\\\/2024\\\/06\\\/Logo_Loft008-AE_5eEL-Gauche_Noir_Synthese.png\",\"contentUrl\":\"https:\\\/\\\/loft008.art\\\/wp-content\\\/uploads\\\/2024\\\/06\\\/Logo_Loft008-AE_5eEL-Gauche_Noir_Synthese.png\",\"width\":2363,\"height\":1004,\"caption\":\"Loft008\"},\"image\":{\"@id\":\"https:\\\/\\\/loft008.art\\\/fr\\\/#\\\/schema\\\/logo\\\/image\\\/\"},\"sameAs\":[\"https:\\\/\\\/www.facebook.com\\\/LOFT.008.art\",\"https:\\\/\\\/www.linkedin.com\\\/company\\\/99523338\\\/admin\\\/feed\\\/posts\\\/\",\"https:\\\/\\\/www.instagram.com\\\/loft008.art\\\/\"]}]}<\/script>\n<!-- \/ Yoast SEO plugin. -->","yoast_head_json":{"title":"Politique de Cookies - Loft008","robots":{"index":"index","follow":"follow","max-snippet":"max-snippet:-1","max-image-preview":"max-image-preview:large","max-video-preview":"max-video-preview:-1"},"canonical":"https:\/\/loft008.art\/fr\/politique-de-cookies\/","og_locale":"fr_FR","og_type":"article","og_title":"Politique de Cookies - Loft008","og_description":"LOFT.008 Politique de Cookies Qu&rsquo;est-ce qu&rsquo;un cookie ? Comme c\u2019est le cas pour presque tous les sites web professionnels, ce site utilise des cookies. Ce sont de petits fichiers t\u00e9l\u00e9charg\u00e9s sur votre ordinateur pour am\u00e9liorer votre exp\u00e9rience. Cette page d\u00e9critles informations qu\u2019ils collectent, comment nous les utilisons et pourquoi nous devons parfois stocker ces cookies. [&hellip;]","og_url":"https:\/\/loft008.art\/fr\/politique-de-cookies\/","og_site_name":"Loft008","article_publisher":"https:\/\/www.facebook.com\/LOFT.008.art","article_modified_time":"2024-08-13T10:09:23+00:00","twitter_card":"summary_large_image","twitter_misc":{"Dur\u00e9e de lecture estim\u00e9e":"4 minutes"},"schema":{"@context":"https:\/\/schema.org","@graph":[{"@type":"WebPage","@id":"https:\/\/loft008.art\/fr\/politique-de-cookies\/","url":"https:\/\/loft008.art\/fr\/politique-de-cookies\/","name":"Politique de Cookies - Loft008","isPartOf":{"@id":"https:\/\/loft008.art\/fr\/#website"},"datePublished":"2024-07-23T08:46:00+00:00","dateModified":"2024-08-13T10:09:23+00:00","breadcrumb":{"@id":"https:\/\/loft008.art\/fr\/politique-de-cookies\/#breadcrumb"},"inLanguage":"fr-FR","potentialAction":[{"@type":"ReadAction","target":["https:\/\/loft008.art\/fr\/politique-de-cookies\/"]}]},{"@type":"BreadcrumbList","@id":"https:\/\/loft008.art\/fr\/politique-de-cookies\/#breadcrumb","itemListElement":[{"@type":"ListItem","position":1,"name":"Home","item":"https:\/\/loft008.art\/fr\/"},{"@type":"ListItem","position":2,"name":"Politique de Cookies"}]},{"@type":"WebSite","@id":"https:\/\/loft008.art\/fr\/#website","url":"https:\/\/loft008.art\/fr\/","name":"Loft008","description":"","publisher":{"@id":"https:\/\/loft008.art\/fr\/#organization"},"potentialAction":[{"@type":"SearchAction","target":{"@type":"EntryPoint","urlTemplate":"https:\/\/loft008.art\/fr\/?s={search_term_string}"},"query-input":{"@type":"PropertyValueSpecification","valueRequired":true,"valueName":"search_term_string"}}],"inLanguage":"fr-FR"},{"@type":"Organization","@id":"https:\/\/loft008.art\/fr\/#organization","name":"Loft008","url":"https:\/\/loft008.art\/fr\/","logo":{"@type":"ImageObject","inLanguage":"fr-FR","@id":"https:\/\/loft008.art\/fr\/#\/schema\/logo\/image\/","url":"https:\/\/loft008.art\/wp-content\/uploads\/2024\/06\/Logo_Loft008-AE_5eEL-Gauche_Noir_Synthese.png","contentUrl":"https:\/\/loft008.art\/wp-content\/uploads\/2024\/06\/Logo_Loft008-AE_5eEL-Gauche_Noir_Synthese.png","width":2363,"height":1004,"caption":"Loft008"},"image":{"@id":"https:\/\/loft008.art\/fr\/#\/schema\/logo\/image\/"},"sameAs":["https:\/\/www.facebook.com\/LOFT.008.art","https:\/\/www.linkedin.com\/company\/99523338\/admin\/feed\/posts\/","https:\/\/www.instagram.com\/loft008.art\/"]}]}},"_links":{"self":[{"href":"https:\/\/loft008.art\/fr\/wp-json\/wp\/v2\/pages\/1871","targetHints":{"allow":["GET"]}}],"collection":[{"href":"https:\/\/loft008.art\/fr\/wp-json\/wp\/v2\/pages"}],"about":[{"href":"https:\/\/loft008.art\/fr\/wp-json\/wp\/v2\/types\/page"}],"author":[{"embeddable":true,"href":"https:\/\/loft008.art\/fr\/wp-json\/wp\/v2\/users\/1"}],"replies":[{"embeddable":true,"href":"https:\/\/loft008.art\/fr\/wp-json\/wp\/v2\/comments?post=1871"}],"version-history":[{"count":2,"href":"https:\/\/loft008.art\/fr\/wp-json\/wp\/v2\/pages\/1871\/revisions"}],"predecessor-version":[{"id":2070,"href":"https:\/\/loft008.art\/fr\/wp-json\/wp\/v2\/pages\/1871\/revisions\/2070"}],"wp:attachment":[{"href":"https:\/\/loft008.art\/fr\/wp-json\/wp\/v2\/media?parent=1871"}],"curies":[{"name":"wp","href":"https:\/\/api.w.org\/{rel}","templated":true}]}}