{"id":1855,"date":"2024-06-03T12:50:36","date_gmt":"2024-06-03T10:50:36","guid":{"rendered":"https:\/\/loft008.art\/galerie\/"},"modified":"2025-01-24T17:23:56","modified_gmt":"2025-01-24T16:23:56","slug":"espace-dart","status":"publish","type":"page","link":"https:\/\/loft008.art\/fr\/espace-dart\/","title":{"rendered":"Espace d\u2019Art"},"content":{"rendered":"\t\t<div data-elementor-type=\"wp-page\" data-elementor-id=\"1855\" class=\"elementor elementor-1855 elementor-23\" data-elementor-post-type=\"page\">\n\t\t\t\t<div class=\"elementor-element elementor-element-9d34c89 e-flex e-con-boxed e-con e-parent\" data-id=\"9d34c89\" data-element_type=\"container\" data-e-type=\"container\" data-settings=\"{&quot;background_background&quot;:&quot;classic&quot;}\">\n\t\t\t\t\t<div class=\"e-con-inner\">\n\t\t<div class=\"elementor-element elementor-element-57f1820 e-con-full e-flex e-con e-child\" data-id=\"57f1820\" data-element_type=\"container\" data-e-type=\"container\">\n\t\t\t\t<div class=\"elementor-element elementor-element-e84be24 elementor-widget elementor-widget-heading\" data-id=\"e84be24\" data-element_type=\"widget\" data-e-type=\"widget\" data-widget_type=\"heading.default\">\n\t\t\t\t<div class=\"elementor-widget-container\">\n\t\t\t\t\t<h2 class=\"elementor-heading-title elementor-size-default\">LOFT.008<\/h2>\t\t\t\t<\/div>\n\t\t\t\t<\/div>\n\t\t\t\t<div class=\"elementor-element elementor-element-7142eea elementor-widget elementor-widget-text-editor\" data-id=\"7142eea\" data-element_type=\"widget\" data-e-type=\"widget\" data-widget_type=\"text-editor.default\">\n\t\t\t\t<div class=\"elementor-widget-container\">\n\t\t\t\t\t\t\t\t\t<p><span style=\"font-weight: 400;\">Situ\u00e9e dans l\u2019ancienne chocolaterie de Nerem (Tongres), LOFT.008 est un espace priv\u00e9 consacr\u00e9 \u00e0 la cr\u00e9ativit\u00e9 et \u00e0 l\u2019expression artistique contemporaine.<\/span><\/p><p><span style=\"font-weight: 400;\">Ce b\u00e2timent caract\u00e9ris\u00e9 par des \u00e9l\u00e9ments de style Art Nouveau, t\u00e9moin du florissant pass\u00e9 industriel local, offre un cadre exceptionnel pour mettre en lumi\u00e8re des \u0153uvres d\u2019art contemporain.<\/span><\/p><p><span style=\"font-weight: 400;\">LOFT.008 vous invite \u00e0 explorer l\u2019univers de nouveaux talents, \u00e0 d\u00e9couvrir les cr\u00e9ations d\u2019artistes renomm\u00e9s, et \u00e0 appr\u00e9cier une grande diversit\u00e9 de formes d\u2019expression artistique contemporaine.<\/span><\/p>\t\t\t\t\t\t\t\t<\/div>\n\t\t\t\t<\/div>\n\t\t\t\t<\/div>\n\t\t<div class=\"elementor-element elementor-element-2eb2083 e-con-full e-flex e-con e-child\" data-id=\"2eb2083\" data-element_type=\"container\" data-e-type=\"container\" data-settings=\"{&quot;animation&quot;:&quot;none&quot;,&quot;background_background&quot;:&quot;classic&quot;}\">\n\t\t\t\t<div class=\"elementor-element elementor-element-a520300 elementor-widget-tablet__width-inherit elementor-widget elementor-widget-image\" data-id=\"a520300\" data-element_type=\"widget\" data-e-type=\"widget\" data-settings=\"{&quot;_animation&quot;:&quot;none&quot;}\" data-widget_type=\"image.default\">\n\t\t\t\t<div class=\"elementor-widget-container\">\n\t\t\t\t\t\t\t\t\t\t\t\t\t\t\t<img fetchpriority=\"high\" decoding=\"async\" width=\"800\" height=\"600\" src=\"https:\/\/loft008.art\/wp-content\/uploads\/2024\/06\/IMG_20220226_174730-1024x768.webp\" class=\"attachment-large size-large wp-image-1730\" alt=\"\" srcset=\"https:\/\/loft008.art\/wp-content\/uploads\/2024\/06\/IMG_20220226_174730-1024x768.webp 1024w, https:\/\/loft008.art\/wp-content\/uploads\/2024\/06\/IMG_20220226_174730-300x225.webp 300w, https:\/\/loft008.art\/wp-content\/uploads\/2024\/06\/IMG_20220226_174730-768x576.webp 768w, https:\/\/loft008.art\/wp-content\/uploads\/2024\/06\/IMG_20220226_174730-1536x1152.webp 1536w, https:\/\/loft008.art\/wp-content\/uploads\/2024\/06\/IMG_20220226_174730-2048x1536.webp 2048w\" sizes=\"(max-width: 800px) 100vw, 800px\" \/>\t\t\t\t\t\t\t\t\t\t\t\t\t\t\t<\/div>\n\t\t\t\t<\/div>\n\t\t\t\t<\/div>\n\t\t\t\t\t<\/div>\n\t\t\t\t<\/div>\n\t\t<div class=\"elementor-element elementor-element-bdd3cee e-flex e-con-boxed e-con e-parent\" data-id=\"bdd3cee\" data-element_type=\"container\" data-e-type=\"container\" data-settings=\"{&quot;background_background&quot;:&quot;classic&quot;}\">\n\t\t\t\t\t<div class=\"e-con-inner\">\n\t\t<div class=\"elementor-element elementor-element-81eb9d5 e-con-full e-flex e-con e-child\" data-id=\"81eb9d5\" data-element_type=\"container\" data-e-type=\"container\">\n\t\t\t\t<div class=\"elementor-element elementor-element-5b77717 elementor-widget elementor-widget-heading\" data-id=\"5b77717\" data-element_type=\"widget\" data-e-type=\"widget\" data-widget_type=\"heading.default\">\n\t\t\t\t<div class=\"elementor-widget-container\">\n\t\t\t\t\t<h2 class=\"elementor-heading-title elementor-size-default\">Les fondateurs<\/h2>\t\t\t\t<\/div>\n\t\t\t\t<\/div>\n\t\t\t\t<div class=\"elementor-element elementor-element-fb30547 elementor-widget elementor-widget-text-editor\" data-id=\"fb30547\" data-element_type=\"widget\" data-e-type=\"widget\" data-widget_type=\"text-editor.default\">\n\t\t\t\t<div class=\"elementor-widget-container\">\n\t\t\t\t\t\t\t\t\t<p style=\"font-weight: 400;\">S\u00e9duits par la charme et le t\u00e9moignage de l\u2019histoire industrielle, Nina et Pierre s\u2019installent dans la Fabrique de Chocolat et d\u00e9cident d\u2019y cr\u00e9er un lieu o\u00f9 la cr\u00e9ativit\u00e9 dialogue avec l\u2019architecture. Passionn\u00e9s par l\u2019art contemporain, ils ouvrent les portes de LOFT.008 aux artistes et amateurs d\u2019art.<\/p>\n<p style=\"font-weight: 400;\">Des expositions saisonni\u00e8res mettent en lumi\u00e8re des artistes locaux et internationaux offrent un espace d\u2019expression unique. Attentifs \u00e0 pr\u00e9server l\u2019intimit\u00e9 des lieux, ils int\u00e8grent l\u2019art \u00e0 l\u2019environnement\u202f; chaque exposition est con\u00e7ue avec une attention particuli\u00e8re pour la communaut\u00e9 locale.<\/p>\n\t\t\t\t\t\t\t\t<\/div>\n\t\t\t\t<\/div>\n\t\t\t\t<\/div>\n\t\t<div class=\"elementor-element elementor-element-c2c3eae e-con-full e-flex e-con e-child\" data-id=\"c2c3eae\" data-element_type=\"container\" data-e-type=\"container\" data-settings=\"{&quot;animation&quot;:&quot;none&quot;,&quot;background_background&quot;:&quot;classic&quot;}\">\n\t\t\t\t<div class=\"elementor-element elementor-element-6a7b893 elementor-widget elementor-widget-image\" data-id=\"6a7b893\" data-element_type=\"widget\" data-e-type=\"widget\" data-settings=\"{&quot;_animation&quot;:&quot;none&quot;}\" data-widget_type=\"image.default\">\n\t\t\t\t<div class=\"elementor-widget-container\">\n\t\t\t\t\t\t\t\t\t\t\t\t\t\t\t<img decoding=\"async\" width=\"800\" height=\"1000\" src=\"https:\/\/loft008.art\/wp-content\/uploads\/2024\/06\/Fo185-wz-FAV-819x1024.webp\" class=\"attachment-large size-large wp-image-1754\" alt=\"\" srcset=\"https:\/\/loft008.art\/wp-content\/uploads\/2024\/06\/Fo185-wz-FAV-819x1024.webp 819w, https:\/\/loft008.art\/wp-content\/uploads\/2024\/06\/Fo185-wz-FAV-240x300.webp 240w, https:\/\/loft008.art\/wp-content\/uploads\/2024\/06\/Fo185-wz-FAV-768x960.webp 768w, https:\/\/loft008.art\/wp-content\/uploads\/2024\/06\/Fo185-wz-FAV-1229x1536.webp 1229w, https:\/\/loft008.art\/wp-content\/uploads\/2024\/06\/Fo185-wz-FAV-1639x2048.webp 1639w, https:\/\/loft008.art\/wp-content\/uploads\/2024\/06\/Fo185-wz-FAV-scaled.webp 2048w\" sizes=\"(max-width: 800px) 100vw, 800px\" \/>\t\t\t\t\t\t\t\t\t\t\t\t\t\t\t<\/div>\n\t\t\t\t<\/div>\n\t\t\t\t<\/div>\n\t\t\t\t\t<\/div>\n\t\t\t\t<\/div>\n\t\t<div class=\"elementor-element elementor-element-6f9a9b2 e-con-full e-flex e-con e-parent\" data-id=\"6f9a9b2\" data-element_type=\"container\" data-e-type=\"container\" data-settings=\"{&quot;background_background&quot;:&quot;classic&quot;}\">\n\t\t<div class=\"elementor-element elementor-element-7120230 e-con-full e-flex e-con e-child\" data-id=\"7120230\" data-element_type=\"container\" data-e-type=\"container\" data-settings=\"{&quot;background_background&quot;:&quot;classic&quot;}\">\n\t\t\t\t<\/div>\n\t\t<div class=\"elementor-element elementor-element-f5d7b05 e-con-full e-flex e-con e-child\" data-id=\"f5d7b05\" data-element_type=\"container\" data-e-type=\"container\" data-settings=\"{&quot;background_background&quot;:&quot;classic&quot;}\">\n\t\t<div class=\"elementor-element elementor-element-d8f410a e-con-full e-flex e-con e-child\" data-id=\"d8f410a\" data-element_type=\"container\" data-e-type=\"container\">\n\t\t\t\t<div class=\"elementor-element elementor-element-09927e8 elementor-widget elementor-widget-heading\" data-id=\"09927e8\" data-element_type=\"widget\" data-e-type=\"widget\" data-widget_type=\"heading.default\">\n\t\t\t\t<div class=\"elementor-widget-container\">\n\t\t\t\t\t<h2 class=\"elementor-heading-title elementor-size-default\">La Fabrique de Chocolat<\/h2>\t\t\t\t<\/div>\n\t\t\t\t<\/div>\n\t\t\t\t<div class=\"elementor-element elementor-element-d819df8 elementor-widget elementor-widget-text-editor\" data-id=\"d819df8\" data-element_type=\"widget\" data-e-type=\"widget\" data-widget_type=\"text-editor.default\">\n\t\t\t\t<div class=\"elementor-widget-container\">\n\t\t\t\t\t\t\t\t\t<div><span lang=\"EN-US\">Exceptionnelle pour son architecture industrielle de style Art D\u00e9co et par sa construction en b\u00e9ton arm\u00e9.<\/span><\/div>\n\t\t\t\t\t\t\t\t<\/div>\n\t\t\t\t<\/div>\n\t\t\t\t<div class=\"elementor-element elementor-element-aab4d3b elementor-widget elementor-widget-text-editor\" data-id=\"aab4d3b\" data-element_type=\"widget\" data-e-type=\"widget\" data-widget_type=\"text-editor.default\">\n\t\t\t\t<div class=\"elementor-widget-container\">\n\t\t\t\t\t\t\t\t\t<div><span lang=\"EN-US\">La Fabrique Rosmeulen est une premi\u00e8re en Belgique \u00e0 cette \u00e9poque. Situ\u00e9e au num\u00e9ro 276 de la Neremstraat \u00e0 Nerem la Chocolaterie est fond\u00e9e en 1920. Apr\u00e8s une p\u00e9riode difficile dans les ann\u00e9es 30\u2019 (la Grande D\u00e9pression), la faillite est d\u00e9clar\u00e9e en 1934. La b\u00e2timent a accueilli des troupes lors de la seconde Guerre Mondiale, un fabricant de m\u00e9tiers \u00e0 tisser, une fabrique d\u2019\u00e9tain. Longue de 170m, en briques rouge, la chocolaterie est reconnaissable \u00e0 son entr\u00e9e majestueuse\u202f: une immense rosace en arc outrepass\u00e9 et des vitraux bicolores. Aujourd\u2019hui r\u00e9nov\u00e9e, la \u00ab\u202fFabrique de Chocolat\u202f\u00bb a \u00e9t\u00e9 transform\u00e9e en lofts.<\/span><\/div>\n\t\t\t\t\t\t\t\t<\/div>\n\t\t\t\t<\/div>\n\t\t\t\t<\/div>\n\t\t\t\t<\/div>\n\t\t\t\t<\/div>\n\t\t\t\t<\/div>\n\t\t","protected":false},"excerpt":{"rendered":"<p>LOFT.008 Situ\u00e9e dans l\u2019ancienne chocolaterie de Nerem (Tongres), LOFT.008 est un espace priv\u00e9 consacr\u00e9 \u00e0 la cr\u00e9ativit\u00e9 et \u00e0 l\u2019expression artistique contemporaine. Ce b\u00e2timent caract\u00e9ris\u00e9 par des \u00e9l\u00e9ments de style Art Nouveau, t\u00e9moin du florissant pass\u00e9 industriel local, offre un cadre exceptionnel pour mettre en lumi\u00e8re des \u0153uvres d\u2019art contemporain. LOFT.008 vous invite \u00e0 explorer [&hellip;]<\/p>\n","protected":false},"author":1,"featured_media":0,"parent":0,"menu_order":0,"comment_status":"closed","ping_status":"closed","template":"","meta":{"_acf_changed":false,"footnotes":""},"class_list":["post-1855","page","type-page","status-publish","hentry"],"acf":[],"yoast_head":"<!-- This site is optimized with the Yoast SEO plugin v27.3 - https:\/\/yoast.com\/product\/yoast-seo-wordpress\/ -->\n<title>Espace d\u2019Art - Loft008<\/title>\n<meta name=\"description\" content=\"Situ\u00e9e dans l&#039;ancienne chocolaterie de Nerem (Tongres), LOFT.008 est une galerie d&#039;art priv\u00e9e d\u00e9di\u00e9e \u00e0 la cr\u00e9ation contemporaine ...\" \/>\n<meta name=\"robots\" content=\"index, follow, max-snippet:-1, max-image-preview:large, max-video-preview:-1\" \/>\n<link rel=\"canonical\" href=\"https:\/\/loft008.art\/fr\/espace-dart\/\" \/>\n<meta property=\"og:locale\" content=\"fr_FR\" \/>\n<meta property=\"og:type\" content=\"article\" \/>\n<meta property=\"og:title\" content=\"Espace d\u2019Art - Loft008\" \/>\n<meta property=\"og:description\" content=\"Situ\u00e9e dans l&#039;ancienne chocolaterie de Nerem (Tongres), LOFT.008 est une galerie d&#039;art priv\u00e9e d\u00e9di\u00e9e \u00e0 la cr\u00e9ation contemporaine ...\" \/>\n<meta property=\"og:url\" content=\"https:\/\/loft008.art\/fr\/espace-dart\/\" \/>\n<meta property=\"og:site_name\" content=\"Loft008\" \/>\n<meta property=\"article:publisher\" content=\"https:\/\/www.facebook.com\/LOFT.008.art\" \/>\n<meta property=\"article:modified_time\" content=\"2025-01-24T16:23:56+00:00\" \/>\n<meta property=\"og:image\" content=\"https:\/\/loft008.art\/wp-content\/uploads\/2024\/06\/IMG_20220226_174730-scaled.webp\" \/>\n\t<meta property=\"og:image:width\" content=\"2560\" \/>\n\t<meta property=\"og:image:height\" content=\"1920\" \/>\n\t<meta property=\"og:image:type\" content=\"image\/webp\" \/>\n<meta name=\"twitter:card\" content=\"summary_large_image\" \/>\n<meta name=\"twitter:label1\" content=\"Dur\u00e9e de lecture estim\u00e9e\" \/>\n\t<meta name=\"twitter:data1\" content=\"2 minutes\" \/>\n<script type=\"application\/ld+json\" class=\"yoast-schema-graph\">{\"@context\":\"https:\\\/\\\/schema.org\",\"@graph\":[{\"@type\":\"WebPage\",\"@id\":\"https:\\\/\\\/loft008.art\\\/fr\\\/espace-dart\\\/\",\"url\":\"https:\\\/\\\/loft008.art\\\/fr\\\/espace-dart\\\/\",\"name\":\"Espace d\u2019Art - Loft008\",\"isPartOf\":{\"@id\":\"https:\\\/\\\/loft008.art\\\/fr\\\/#website\"},\"primaryImageOfPage\":{\"@id\":\"https:\\\/\\\/loft008.art\\\/fr\\\/espace-dart\\\/#primaryimage\"},\"image\":{\"@id\":\"https:\\\/\\\/loft008.art\\\/fr\\\/espace-dart\\\/#primaryimage\"},\"thumbnailUrl\":\"https:\\\/\\\/loft008.art\\\/wp-content\\\/uploads\\\/2024\\\/06\\\/IMG_20220226_174730-1024x768.webp\",\"datePublished\":\"2024-06-03T10:50:36+00:00\",\"dateModified\":\"2025-01-24T16:23:56+00:00\",\"description\":\"Situ\u00e9e dans l'ancienne chocolaterie de Nerem (Tongres), LOFT.008 est une galerie d'art priv\u00e9e d\u00e9di\u00e9e \u00e0 la cr\u00e9ation contemporaine ...\",\"breadcrumb\":{\"@id\":\"https:\\\/\\\/loft008.art\\\/fr\\\/espace-dart\\\/#breadcrumb\"},\"inLanguage\":\"fr-FR\",\"potentialAction\":[{\"@type\":\"ReadAction\",\"target\":[\"https:\\\/\\\/loft008.art\\\/fr\\\/espace-dart\\\/\"]}]},{\"@type\":\"ImageObject\",\"inLanguage\":\"fr-FR\",\"@id\":\"https:\\\/\\\/loft008.art\\\/fr\\\/espace-dart\\\/#primaryimage\",\"url\":\"https:\\\/\\\/loft008.art\\\/wp-content\\\/uploads\\\/2024\\\/06\\\/IMG_20220226_174730-1024x768.webp\",\"contentUrl\":\"https:\\\/\\\/loft008.art\\\/wp-content\\\/uploads\\\/2024\\\/06\\\/IMG_20220226_174730-1024x768.webp\"},{\"@type\":\"BreadcrumbList\",\"@id\":\"https:\\\/\\\/loft008.art\\\/fr\\\/espace-dart\\\/#breadcrumb\",\"itemListElement\":[{\"@type\":\"ListItem\",\"position\":1,\"name\":\"Home\",\"item\":\"https:\\\/\\\/loft008.art\\\/fr\\\/\"},{\"@type\":\"ListItem\",\"position\":2,\"name\":\"Espace d\u2019Art\"}]},{\"@type\":\"WebSite\",\"@id\":\"https:\\\/\\\/loft008.art\\\/fr\\\/#website\",\"url\":\"https:\\\/\\\/loft008.art\\\/fr\\\/\",\"name\":\"Loft008\",\"description\":\"\",\"publisher\":{\"@id\":\"https:\\\/\\\/loft008.art\\\/fr\\\/#organization\"},\"potentialAction\":[{\"@type\":\"SearchAction\",\"target\":{\"@type\":\"EntryPoint\",\"urlTemplate\":\"https:\\\/\\\/loft008.art\\\/fr\\\/?s={search_term_string}\"},\"query-input\":{\"@type\":\"PropertyValueSpecification\",\"valueRequired\":true,\"valueName\":\"search_term_string\"}}],\"inLanguage\":\"fr-FR\"},{\"@type\":\"Organization\",\"@id\":\"https:\\\/\\\/loft008.art\\\/fr\\\/#organization\",\"name\":\"Loft008\",\"url\":\"https:\\\/\\\/loft008.art\\\/fr\\\/\",\"logo\":{\"@type\":\"ImageObject\",\"inLanguage\":\"fr-FR\",\"@id\":\"https:\\\/\\\/loft008.art\\\/fr\\\/#\\\/schema\\\/logo\\\/image\\\/\",\"url\":\"https:\\\/\\\/loft008.art\\\/wp-content\\\/uploads\\\/2024\\\/06\\\/Logo_Loft008-AE_5eEL-Gauche_Noir_Synthese.png\",\"contentUrl\":\"https:\\\/\\\/loft008.art\\\/wp-content\\\/uploads\\\/2024\\\/06\\\/Logo_Loft008-AE_5eEL-Gauche_Noir_Synthese.png\",\"width\":2363,\"height\":1004,\"caption\":\"Loft008\"},\"image\":{\"@id\":\"https:\\\/\\\/loft008.art\\\/fr\\\/#\\\/schema\\\/logo\\\/image\\\/\"},\"sameAs\":[\"https:\\\/\\\/www.facebook.com\\\/LOFT.008.art\",\"https:\\\/\\\/www.linkedin.com\\\/company\\\/99523338\\\/admin\\\/feed\\\/posts\\\/\",\"https:\\\/\\\/www.instagram.com\\\/loft008.art\\\/\"]}]}<\/script>\n<!-- \/ Yoast SEO plugin. -->","yoast_head_json":{"title":"Espace d\u2019Art - Loft008","description":"Situ\u00e9e dans l'ancienne chocolaterie de Nerem (Tongres), LOFT.008 est une galerie d'art priv\u00e9e d\u00e9di\u00e9e \u00e0 la cr\u00e9ation contemporaine ...","robots":{"index":"index","follow":"follow","max-snippet":"max-snippet:-1","max-image-preview":"max-image-preview:large","max-video-preview":"max-video-preview:-1"},"canonical":"https:\/\/loft008.art\/fr\/espace-dart\/","og_locale":"fr_FR","og_type":"article","og_title":"Espace d\u2019Art - Loft008","og_description":"Situ\u00e9e dans l'ancienne chocolaterie de Nerem (Tongres), LOFT.008 est une galerie d'art priv\u00e9e d\u00e9di\u00e9e \u00e0 la cr\u00e9ation contemporaine ...","og_url":"https:\/\/loft008.art\/fr\/espace-dart\/","og_site_name":"Loft008","article_publisher":"https:\/\/www.facebook.com\/LOFT.008.art","article_modified_time":"2025-01-24T16:23:56+00:00","og_image":[{"width":2560,"height":1920,"url":"https:\/\/loft008.art\/wp-content\/uploads\/2024\/06\/IMG_20220226_174730-scaled.webp","type":"image\/webp"}],"twitter_card":"summary_large_image","twitter_misc":{"Dur\u00e9e de lecture estim\u00e9e":"2 minutes"},"schema":{"@context":"https:\/\/schema.org","@graph":[{"@type":"WebPage","@id":"https:\/\/loft008.art\/fr\/espace-dart\/","url":"https:\/\/loft008.art\/fr\/espace-dart\/","name":"Espace d\u2019Art - Loft008","isPartOf":{"@id":"https:\/\/loft008.art\/fr\/#website"},"primaryImageOfPage":{"@id":"https:\/\/loft008.art\/fr\/espace-dart\/#primaryimage"},"image":{"@id":"https:\/\/loft008.art\/fr\/espace-dart\/#primaryimage"},"thumbnailUrl":"https:\/\/loft008.art\/wp-content\/uploads\/2024\/06\/IMG_20220226_174730-1024x768.webp","datePublished":"2024-06-03T10:50:36+00:00","dateModified":"2025-01-24T16:23:56+00:00","description":"Situ\u00e9e dans l'ancienne chocolaterie de Nerem (Tongres), LOFT.008 est une galerie d'art priv\u00e9e d\u00e9di\u00e9e \u00e0 la cr\u00e9ation contemporaine ...","breadcrumb":{"@id":"https:\/\/loft008.art\/fr\/espace-dart\/#breadcrumb"},"inLanguage":"fr-FR","potentialAction":[{"@type":"ReadAction","target":["https:\/\/loft008.art\/fr\/espace-dart\/"]}]},{"@type":"ImageObject","inLanguage":"fr-FR","@id":"https:\/\/loft008.art\/fr\/espace-dart\/#primaryimage","url":"https:\/\/loft008.art\/wp-content\/uploads\/2024\/06\/IMG_20220226_174730-1024x768.webp","contentUrl":"https:\/\/loft008.art\/wp-content\/uploads\/2024\/06\/IMG_20220226_174730-1024x768.webp"},{"@type":"BreadcrumbList","@id":"https:\/\/loft008.art\/fr\/espace-dart\/#breadcrumb","itemListElement":[{"@type":"ListItem","position":1,"name":"Home","item":"https:\/\/loft008.art\/fr\/"},{"@type":"ListItem","position":2,"name":"Espace d\u2019Art"}]},{"@type":"WebSite","@id":"https:\/\/loft008.art\/fr\/#website","url":"https:\/\/loft008.art\/fr\/","name":"Loft008","description":"","publisher":{"@id":"https:\/\/loft008.art\/fr\/#organization"},"potentialAction":[{"@type":"SearchAction","target":{"@type":"EntryPoint","urlTemplate":"https:\/\/loft008.art\/fr\/?s={search_term_string}"},"query-input":{"@type":"PropertyValueSpecification","valueRequired":true,"valueName":"search_term_string"}}],"inLanguage":"fr-FR"},{"@type":"Organization","@id":"https:\/\/loft008.art\/fr\/#organization","name":"Loft008","url":"https:\/\/loft008.art\/fr\/","logo":{"@type":"ImageObject","inLanguage":"fr-FR","@id":"https:\/\/loft008.art\/fr\/#\/schema\/logo\/image\/","url":"https:\/\/loft008.art\/wp-content\/uploads\/2024\/06\/Logo_Loft008-AE_5eEL-Gauche_Noir_Synthese.png","contentUrl":"https:\/\/loft008.art\/wp-content\/uploads\/2024\/06\/Logo_Loft008-AE_5eEL-Gauche_Noir_Synthese.png","width":2363,"height":1004,"caption":"Loft008"},"image":{"@id":"https:\/\/loft008.art\/fr\/#\/schema\/logo\/image\/"},"sameAs":["https:\/\/www.facebook.com\/LOFT.008.art","https:\/\/www.linkedin.com\/company\/99523338\/admin\/feed\/posts\/","https:\/\/www.instagram.com\/loft008.art\/"]}]}},"_links":{"self":[{"href":"https:\/\/loft008.art\/fr\/wp-json\/wp\/v2\/pages\/1855","targetHints":{"allow":["GET"]}}],"collection":[{"href":"https:\/\/loft008.art\/fr\/wp-json\/wp\/v2\/pages"}],"about":[{"href":"https:\/\/loft008.art\/fr\/wp-json\/wp\/v2\/types\/page"}],"author":[{"embeddable":true,"href":"https:\/\/loft008.art\/fr\/wp-json\/wp\/v2\/users\/1"}],"replies":[{"embeddable":true,"href":"https:\/\/loft008.art\/fr\/wp-json\/wp\/v2\/comments?post=1855"}],"version-history":[{"count":6,"href":"https:\/\/loft008.art\/fr\/wp-json\/wp\/v2\/pages\/1855\/revisions"}],"predecessor-version":[{"id":2651,"href":"https:\/\/loft008.art\/fr\/wp-json\/wp\/v2\/pages\/1855\/revisions\/2651"}],"wp:attachment":[{"href":"https:\/\/loft008.art\/fr\/wp-json\/wp\/v2\/media?parent=1855"}],"curies":[{"name":"wp","href":"https:\/\/api.w.org\/{rel}","templated":true}]}}